{"id":139,"date":"2025-10-14T12:31:37","date_gmt":"2025-10-14T12:31:37","guid":{"rendered":"https:\/\/vrsp.vrsa.lt\/?page_id=139"},"modified":"2025-10-20T12:13:43","modified_gmt":"2025-10-20T12:13:43","slug":"darbo-uzmokestis","status":"publish","type":"page","link":"https:\/\/vrsp.vrsa.lt\/?page_id=139","title":{"rendered":"Darbo u\u017emokestis"},"content":{"rendered":"\n<figure class=\"wp-block-table\"><table class=\"has-fixed-layout\"><tbody><tr><td>Pareigyb\u0117s pavadinimas<\/td><td class=\"has-text-align-center\" data-align=\"center\">2024 met\u0173 1 ketv.<\/td><td class=\"has-text-align-center\" data-align=\"center\">2024 met\u0173 2 ketv.<\/td><td class=\"has-text-align-center\" data-align=\"center\">2024 met\u0173 3 ketv.<\/td><td class=\"has-text-align-center\" data-align=\"center\">2024 met\u0173 4 ketv.<\/td><\/tr><tr><td>Vadovas<\/td><td class=\"has-text-align-center\" data-align=\"center\">0<\/td><td class=\"has-text-align-center\" data-align=\"center\">0<\/td><td class=\"has-text-align-center\" data-align=\"center\">0<\/td><td class=\"has-text-align-center\" data-align=\"center\">446,4<\/td><\/tr><tr><td><\/td><td class=\"has-text-align-center\" data-align=\"center\"><\/td><td class=\"has-text-align-center\" data-align=\"center\"><\/td><td class=\"has-text-align-center\" data-align=\"center\"><\/td><td class=\"has-text-align-center\" data-align=\"center\"><\/td><\/tr><\/tbody><\/table><\/figure>\n\n\n\n<ul class=\"wp-block-list\">\n<li><\/li>\n<\/ul>\n\n\n\n<p><\/p>\n","protected":false},"excerpt":{"rendered":"<p>Pareigyb\u0117s pavadinimas 2024 met\u0173 1 ketv. 2024 met\u0173 2 ketv. 2024 met\u0173 3 ketv. 2024 met\u0173 4 ketv. Vadovas 0 0 0 446,4<\/p>\n","protected":false},"author":1,"featured_media":0,"parent":0,"menu_order":0,"comment_status":"closed","ping_status":"closed","template":"","meta":{"footnotes":""},"class_list":["post-139","page","type-page","status-publish","hentry"],"_links":{"self":[{"href":"https:\/\/vrsp.vrsa.lt\/index.php?rest_route=\/wp\/v2\/pages\/139","targetHints":{"allow":["GET"]}}],"collection":[{"href":"https:\/\/vrsp.vrsa.lt\/index.php?rest_route=\/wp\/v2\/pages"}],"about":[{"href":"https:\/\/vrsp.vrsa.lt\/index.php?rest_route=\/wp\/v2\/types\/page"}],"author":[{"embeddable":true,"href":"https:\/\/vrsp.vrsa.lt\/index.php?rest_route=\/wp\/v2\/users\/1"}],"replies":[{"embeddable":true,"href":"https:\/\/vrsp.vrsa.lt\/index.php?rest_route=%2Fwp%2Fv2%2Fcomments&post=139"}],"version-history":[{"count":2,"href":"https:\/\/vrsp.vrsa.lt\/index.php?rest_route=\/wp\/v2\/pages\/139\/revisions"}],"predecessor-version":[{"id":151,"href":"https:\/\/vrsp.vrsa.lt\/index.php?rest_route=\/wp\/v2\/pages\/139\/revisions\/151"}],"wp:attachment":[{"href":"https:\/\/vrsp.vrsa.lt\/index.php?rest_route=%2Fwp%2Fv2%2Fmedia&parent=139"}],"curies":[{"name":"wp","href":"https:\/\/api.w.org\/{rel}","templated":true}]}}