{"id":2,"date":"2025-07-31T12:09:10","date_gmt":"2025-07-31T12:09:10","guid":{"rendered":"https:\/\/vrsp.vrsa.lt\/?page_id=2"},"modified":"2025-10-24T07:51:51","modified_gmt":"2025-10-24T07:51:51","slug":"sample-page","status":"publish","type":"page","link":"https:\/\/vrsp.vrsa.lt\/","title":{"rendered":"V\u0160\u012e \u201eVilniaus rajono saul\u0117s parkas\u201c"},"content":{"rendered":"\n<p class=\"has-black-color has-text-color has-link-color wp-elements-f0f83b3e98d4c1beb09bed45382c0e13\" style=\"font-size:19px;font-style:normal;font-weight:600;text-decoration:none;text-transform:none\">V\u0160\u012e \u201eVilniaus rajono saul\u0117s parkas\u201c buvo kuriama Vilniaus rajono savivaldyb\u0117s pl\u0117tojant Vilniaus rajono savivaldyb\u0117s mero iniciatyv\u0105 \u012fkurti \u012fstaig\u0105, kurios veikl\u0105 leis ne tik prisid\u0117ti prie tvaraus energijos vartojimo ir atsinaujinan\u010di\u0173 energijos \u0161altini\u0173 populiarinimo Vilniaus rajone, bet ir pad\u0117ti nepasiturintiems rajono gyventojams.<\/p>\n\n\n\n<p class=\"has-black-color has-text-color has-link-color wp-elements-331f6d322af7eaba1b9336d14c8dc663\" style=\"font-size:19px;font-style:normal;font-weight:600;text-decoration:none;text-transform:none\">Nors atsinaujinan\u010di\u0173 i\u0161tekli\u0173 projektai Lietuvoje jau nieko nestebina, Vilniaus rajono mero iniciatyva yra dr\u0105sus ir svarbus \u017eingsnis Vilniaus rajonui, siekiant tapti viena \u017ealiausi\u0173 ir pa\u017eangiausi\u0173 savivaldybi\u0173 Lietuvoje. Vilniaus rajono savivaldyb\u0117 tikisi, kad VRSP veikla leis gerinti aplinkos apsaugos pad\u0117t\u012f, suteiks socialin\u0119 visuomenin\u0119 naud\u0105 ne tik savivaldyb\u0117s \u012fstaigoms, bet ir nepasiturintiems \u017emon\u0117ms, kurie gal\u0117s naudotis elektrini\u0173 \u012frengt\u0105ja galia.<\/p>\n\n\n\n<p class=\"has-black-color has-text-color has-link-color wp-elements-958005c9b461bc7cae0846183100705c\" style=\"font-size:19px;font-style:normal;font-weight:600;text-decoration:none;text-transform:none\">VRSP \u012fsteigimas, s\u0117kminga veikla ir pl\u0117tra ateityje tur\u0117s \u012ftakos ne tik pl\u0117tojant elektros energijos gamyb\u0105 i\u0161 atsinaujinan\u010di\u0173 energijos \u0161altini\u0173 Vilniaus rajone, bet ir prisid\u0117s prie Nacionalin\u0117je energetin\u0117s nepriklausomyb\u0117s strategijoje numatyt\u0173 tiksl\u0173 \u012fgyvendinimo.<\/p>\n\n\n\n<figure class=\"wp-block-image size-large is-style-default\"><img loading=\"lazy\" decoding=\"async\" width=\"1024\" height=\"683\" src=\"https:\/\/vrsp.vrsa.lt\/wp-content\/uploads\/2025\/09\/man-worker-firld-by-solar-panels-2-1024x683.jpg\" alt=\"\" class=\"wp-image-68\" srcset=\"https:\/\/vrsp.vrsa.lt\/wp-content\/uploads\/2025\/09\/man-worker-firld-by-solar-panels-2-1024x683.jpg 1024w, https:\/\/vrsp.vrsa.lt\/wp-content\/uploads\/2025\/09\/man-worker-firld-by-solar-panels-2-300x200.jpg 300w, https:\/\/vrsp.vrsa.lt\/wp-content\/uploads\/2025\/09\/man-worker-firld-by-solar-panels-2-768x512.jpg 768w, https:\/\/vrsp.vrsa.lt\/wp-content\/uploads\/2025\/09\/man-worker-firld-by-solar-panels-2-1536x1024.jpg 1536w, https:\/\/vrsp.vrsa.lt\/wp-content\/uploads\/2025\/09\/man-worker-firld-by-solar-panels-2-380x254.jpg 380w, https:\/\/vrsp.vrsa.lt\/wp-content\/uploads\/2025\/09\/man-worker-firld-by-solar-panels-2.jpg 1920w\" sizes=\"auto, (max-width: 1024px) 100vw, 1024px\" \/><\/figure>\n\n\n\n<hr class=\"wp-block-separator has-alpha-channel-opacity\"\/>\n\n\n\n<blockquote class=\"wp-block-quote is-layout-flow wp-block-quote-is-layout-flow\">\n<p class=\"has-black-color has-text-color has-link-color wp-elements-fbcfa0430e5dec0913c1c0e1fb1f4ad6\" style=\"font-size:15px\">\u201e\u0160i iniciatyva yra svarbus \u017eingsnis Vilniaus rajonui, siekiant tapti viena \u017ealiausi\u0173 ir pa\u017eangiausi\u0173 savivaldybi\u0173 Lietuvoje. Norime pl\u0117toti aplinkai draugi\u0161kas energetikos technologijas, ma\u017einti energijos nepritekli\u0173. Visa tai leis gerinti aplinkos apsaugos pad\u0117t\u012f, suteiks socialin\u0119 visuomenin\u0119 naud\u0105 ne tik savivaldyb\u0117s \u012fstaigoms, bet ir nepasiturintiems \u017emon\u0117ms, kurie gal\u0117s naudotis elektrini\u0173 \u012frengt\u0105ja galia,\u201c \u2013 sako R. Duchnevi\u010d.<\/p>\n<\/blockquote>\n\n\n\n<blockquote class=\"wp-block-quote is-layout-flow wp-block-quote-is-layout-flow\">\n<p class=\"has-black-color has-text-color has-link-color wp-elements-60615eea3e1402e7f6d2ad4b0ea2ad3b\" style=\"font-size:24px;text-decoration:underline\">VRSP yra \u012fkurta 2025 m. kovo 3 d. Pagrindiniai VRSP tikslai yra:<\/p>\n<\/blockquote>\n\n\n\n<div class=\"wp-block-group is-nowrap is-layout-flex wp-container-core-group-is-layout-ad2f72ca wp-block-group-is-layout-flex\">\n<p class=\"has-black-color has-text-color has-link-color has-medium-font-size wp-elements-ba021a035dd382353428dec255f79018\">1. teikti aplinkos apsaugos gerinimo, socialin\u0119 visuomenin\u0119 naud\u0105 Savivaldyb\u0117s \u012fstaigoms ir tenkinti Savivaldyb\u0117s nurodyt\u0173, teis\u0119 \u012f socialin\u0119 pa\u0161alp\u0105 turin\u010di\u0173 (kaip nustatyta Lietuvos Respublikos pinigin\u0117s socialin\u0117s paramos nepasiturintiems gyventojams \u012fstatyme) gyventoj\u0173 reikmes, neatlygintinai teikiant saul\u0117s elektrin\u0117je pagamint\u0105 elektros energij\u0105.<\/p>\n\n\n\n<p class=\"has-black-color has-text-color has-link-color has-medium-font-size wp-elements-0301d99b6edb403fe8b5a9ede67b6d73\">2. \u012estaiga Savivaldybei padeda \u012fgyvendinti vien\u0105 i\u0161 savaranki\u0161k\u0173 savivaldybi\u0173 funkcij\u0173 \u2013 socialini\u0173 pa\u0161alp\u0173 ir kompensacij\u0173, nustatyt\u0173 Lietuvos Respublikos pinigin\u0117s socialin\u0117s paramos nepasiturintiems gyventojams \u012fstatyme, teikim\u0105.<\/p>\n<\/div>\n\n\n\n<figure class=\"wp-block-gallery has-nested-images columns-2 is-cropped wp-block-gallery-1 is-layout-flex wp-block-gallery-is-layout-flex\">\n<figure class=\"wp-block-image size-full is-style-default\"><img loading=\"lazy\" decoding=\"async\" width=\"750\" height=\"375\" data-id=\"97\" src=\"https:\/\/vrsp.vrsa.lt\/wp-content\/uploads\/2025\/09\/Saules-parkas-750x375.jpg-1.webp\" alt=\"\" class=\"wp-image-97\" srcset=\"https:\/\/vrsp.vrsa.lt\/wp-content\/uploads\/2025\/09\/Saules-parkas-750x375.jpg-1.webp 750w, https:\/\/vrsp.vrsa.lt\/wp-content\/uploads\/2025\/09\/Saules-parkas-750x375.jpg-1-300x150.webp 300w\" sizes=\"auto, (max-width: 750px) 100vw, 750px\" \/><\/figure>\n\n\n\n<figure class=\"wp-block-image size-full\"><img loading=\"lazy\" decoding=\"async\" width=\"1500\" height=\"1000\" data-id=\"101\" src=\"https:\/\/vrsp.vrsa.lt\/wp-content\/uploads\/2025\/09\/c0eedbc30912ae212fd6ec7185e4ad86.webp\" alt=\"\" class=\"wp-image-101\" srcset=\"https:\/\/vrsp.vrsa.lt\/wp-content\/uploads\/2025\/09\/c0eedbc30912ae212fd6ec7185e4ad86.webp 1500w, https:\/\/vrsp.vrsa.lt\/wp-content\/uploads\/2025\/09\/c0eedbc30912ae212fd6ec7185e4ad86-300x200.webp 300w, https:\/\/vrsp.vrsa.lt\/wp-content\/uploads\/2025\/09\/c0eedbc30912ae212fd6ec7185e4ad86-1024x683.webp 1024w, https:\/\/vrsp.vrsa.lt\/wp-content\/uploads\/2025\/09\/c0eedbc30912ae212fd6ec7185e4ad86-768x512.webp 768w, https:\/\/vrsp.vrsa.lt\/wp-content\/uploads\/2025\/09\/c0eedbc30912ae212fd6ec7185e4ad86-380x254.webp 380w\" sizes=\"auto, (max-width: 1500px) 100vw, 1500px\" \/><\/figure>\n<\/figure>\n\n\n\n<div class=\"alignnormal\"><div id=\"metaslider-id-108\" style=\"width: 100%;\" class=\"ml-slider-3-101-0 metaslider metaslider-flex metaslider-108 ml-slider has-dots-nav ms-theme-default-base\" role=\"region\" aria-label=\"Slideshow 1\" data-height=\"375\" data-width=\"700\">\n    <div id=\"metaslider_container_108\">\n        <div id=\"metaslider_108\">\n            <ul aria-live='off' class='slides'>\n                <li style=\"display: block; width: 100%;\" class=\"slide-110 ms-image \" aria-roledescription=\"slide\" data-date=\"2025-09-10 12:22:46\"><img loading=\"lazy\" decoding=\"async\" width=\"750\" height=\"375\" src=\"https:\/\/vrsp.vrsa.lt\/wp-content\/uploads\/2025\/09\/Saules-parkas-750x375.jpg-2.webp\" class=\"slider-108 slide-110 msDefaultImage\" alt=\"\" rel=\"\" title=\"Saules-parkas-750x375.jpg-2\" \/><\/li>\n                <li style=\"display: none; width: 100%;\" class=\"slide-125 ms-image \" aria-roledescription=\"slide\" data-date=\"2025-09-10 12:44:42\"><img loading=\"lazy\" decoding=\"async\" width=\"1500\" height=\"750\" src=\"https:\/\/vrsp.vrsa.lt\/wp-content\/uploads\/2025\/09\/c0eedbc30912ae212fd6ec7185e4ad86.jpg\" class=\"slider-108 slide-125 msDefaultImage\" alt=\"\" rel=\"\" title=\"c0eedbc30912ae212fd6ec7185e4ad86\" srcset=\"https:\/\/vrsp.vrsa.lt\/wp-content\/uploads\/2025\/09\/c0eedbc30912ae212fd6ec7185e4ad86.jpg 1500w, https:\/\/vrsp.vrsa.lt\/wp-content\/uploads\/2025\/09\/c0eedbc30912ae212fd6ec7185e4ad86-300x150.jpg 300w, https:\/\/vrsp.vrsa.lt\/wp-content\/uploads\/2025\/09\/c0eedbc30912ae212fd6ec7185e4ad86-1024x512.jpg 1024w, https:\/\/vrsp.vrsa.lt\/wp-content\/uploads\/2025\/09\/c0eedbc30912ae212fd6ec7185e4ad86-768x384.jpg 768w\" sizes=\"auto, (max-width: 1500px) 100vw, 1500px\" \/><\/li>\n            <\/ul>\n        <\/div>\n        \n    <\/div>\n<\/div><\/div>\n","protected":false},"excerpt":{"rendered":"<p>V\u0160\u012e \u201eVilniaus rajono saul\u0117s parkas\u201c buvo kuriama Vilniaus rajono savivaldyb\u0117s pl\u0117tojant Vilniaus rajono savivaldyb\u0117s mero iniciatyv\u0105 \u012fkurti \u012fstaig\u0105, kurios veikl\u0105 leis ne tik prisid\u0117ti prie tvaraus energijos vartojimo ir atsinaujinan\u010di\u0173 energijos \u0161altini\u0173 populiarinimo Vilniaus rajone, bet ir pad\u0117ti nepasiturintiems rajono gyventojams. Nors atsinaujinan\u010di\u0173 i\u0161tekli\u0173 projektai Lietuvoje jau nieko nestebina, Vilniaus rajono mero iniciatyva yra dr\u0105sus&hellip;<\/p>\n<p class=\"more-link\"><a href=\"https:\/\/vrsp.vrsa.lt\/\" class=\"themebutton2\">Read More<\/a><\/p>\n","protected":false},"author":1,"featured_media":0,"parent":0,"menu_order":0,"comment_status":"closed","ping_status":"open","template":"","meta":{"footnotes":""},"class_list":["post-2","page","type-page","status-publish","hentry"],"_links":{"self":[{"href":"https:\/\/vrsp.vrsa.lt\/index.php?rest_route=\/wp\/v2\/pages\/2","targetHints":{"allow":["GET"]}}],"collection":[{"href":"https:\/\/vrsp.vrsa.lt\/index.php?rest_route=\/wp\/v2\/pages"}],"about":[{"href":"https:\/\/vrsp.vrsa.lt\/index.php?rest_route=\/wp\/v2\/types\/page"}],"author":[{"embeddable":true,"href":"https:\/\/vrsp.vrsa.lt\/index.php?rest_route=\/wp\/v2\/users\/1"}],"replies":[{"embeddable":true,"href":"https:\/\/vrsp.vrsa.lt\/index.php?rest_route=%2Fwp%2Fv2%2Fcomments&post=2"}],"version-history":[{"count":31,"href":"https:\/\/vrsp.vrsa.lt\/index.php?rest_route=\/wp\/v2\/pages\/2\/revisions"}],"predecessor-version":[{"id":164,"href":"https:\/\/vrsp.vrsa.lt\/index.php?rest_route=\/wp\/v2\/pages\/2\/revisions\/164"}],"wp:attachment":[{"href":"https:\/\/vrsp.vrsa.lt\/index.php?rest_route=%2Fwp%2Fv2%2Fmedia&parent=2"}],"curies":[{"name":"wp","href":"https:\/\/api.w.org\/{rel}","templated":true}]}}