{"id":29,"date":"2025-08-04T12:09:53","date_gmt":"2025-08-04T12:09:53","guid":{"rendered":"https:\/\/vrsp.vrsa.lt\/?page_id=29"},"modified":"2025-10-24T07:52:24","modified_gmt":"2025-10-24T07:52:24","slug":"musu-veiklos-tikslai-vizija","status":"publish","type":"page","link":"https:\/\/vrsp.vrsa.lt\/?page_id=29","title":{"rendered":"M\u016bs\u0173 veiklos tikslai, vizija"},"content":{"rendered":"\n<p>Valstyb\u0117s pa\u017eangos strategij\u0105 \u201eLietuvos ateities vizija \u201eLietuva 2050\u201c numato, kad 2025 metais be kita ko visus Lietuvos energijos poreikius patenkina atsinaujinantys (v\u0117jo, saul\u0117s energija ir t. t.) ir alternatyv\u016bs \u017ealieji (vandenilis, sintetinis kuras ir t. t.) energijos \u0161altiniai. Dar visai neseniai AEI, energijos gamyba naudojant AEI atrod\u0117 nepasiekiamas tikslas \u012f kur\u012f buvo \u017evelgiama \u012ftariai ir kriti\u0161kai. \u0160iandien AEI gamyboje Lietuva yra \u017eenklai pa\u017eengusi. Vien 2019 \u2013 2023 metais elektros energijos gamyba naudojant saul\u0117s (fotovoltin\u0117s) elektrin\u0117s padid\u0117jo nuo 91,1 GWh iki 688,4 GWh .<\/p>\n\n\n\n<p>Taigi s\u0117kmingas pirmojo didel\u0117s apimties saul\u0117s parko \u012fgyvendinimas ir sisteming\u0105 pl\u0117tra privalo pad\u0117ti pasiekti VRPS keliama vizij\u0105 \u2013 tapti pa\u017eangiausia ir tvariausia atsinaujinan\u010dios energijos gamintoja Vilniaus rajone, diegian\u010dia inovatyvius sprendimus, u\u017etikrinan\u010dia Vilniaus rajono savivaldyb\u0117s priklausan\u010di\u0173 \u012fstaig\u0173, organizacij\u0173 elektros suvartojim\u0105 elektros energijos poreik\u012f, ma\u017einti nepasiturin\u010di\u0173 gyventoj\u0173 energetin\u012f nepritekli\u0173 ir prisidedan\u010dia prie Lietuvos energetin\u0117s nepriklausomyb\u0117s k\u016brimo.<\/p>\n\n\n\n<p>Misija:<\/p>\n\n\n\n<p>Gaminti ir kaupti \u0161vari\u0105, prieinam\u0105 ir patikim\u0105 elektros energij\u0105 naudojant atsinaujinan\u010dius \u0161altinius bei u\u017etikrinti nuolatin\u0119 veiklos pl\u0117tr\u0105 taikant naujausias technologijas.<\/p>\n","protected":false},"excerpt":{"rendered":"<p>Valstyb\u0117s pa\u017eangos strategij\u0105 \u201eLietuvos ateities vizija \u201eLietuva 2050\u201c numato, kad 2025 metais be kita ko visus Lietuvos energijos poreikius patenkina atsinaujinantys (v\u0117jo, saul\u0117s energija ir t. t.) ir alternatyv\u016bs \u017ealieji (vandenilis, sintetinis kuras ir t. t.) energijos \u0161altiniai. Dar visai neseniai AEI, energijos gamyba naudojant AEI atrod\u0117 nepasiekiamas tikslas \u012f kur\u012f buvo \u017evelgiama \u012ftariai ir&hellip;<\/p>\n<p class=\"more-link\"><a href=\"https:\/\/vrsp.vrsa.lt\/?page_id=29\" class=\"themebutton2\">Read More<\/a><\/p>\n","protected":false},"author":1,"featured_media":0,"parent":0,"menu_order":0,"comment_status":"closed","ping_status":"closed","template":"","meta":{"footnotes":""},"class_list":["post-29","page","type-page","status-publish","hentry"],"_links":{"self":[{"href":"https:\/\/vrsp.vrsa.lt\/index.php?rest_route=\/wp\/v2\/pages\/29","targetHints":{"allow":["GET"]}}],"collection":[{"href":"https:\/\/vrsp.vrsa.lt\/index.php?rest_route=\/wp\/v2\/pages"}],"about":[{"href":"https:\/\/vrsp.vrsa.lt\/index.php?rest_route=\/wp\/v2\/types\/page"}],"author":[{"embeddable":true,"href":"https:\/\/vrsp.vrsa.lt\/index.php?rest_route=\/wp\/v2\/users\/1"}],"replies":[{"embeddable":true,"href":"https:\/\/vrsp.vrsa.lt\/index.php?rest_route=%2Fwp%2Fv2%2Fcomments&post=29"}],"version-history":[{"count":3,"href":"https:\/\/vrsp.vrsa.lt\/index.php?rest_route=\/wp\/v2\/pages\/29\/revisions"}],"predecessor-version":[{"id":165,"href":"https:\/\/vrsp.vrsa.lt\/index.php?rest_route=\/wp\/v2\/pages\/29\/revisions\/165"}],"wp:attachment":[{"href":"https:\/\/vrsp.vrsa.lt\/index.php?rest_route=%2Fwp%2Fv2%2Fmedia&parent=29"}],"curies":[{"name":"wp","href":"https:\/\/api.w.org\/{rel}","templated":true}]}}